{"id":28,"date":"2025-01-09T11:53:56","date_gmt":"2025-01-09T11:53:56","guid":{"rendered":"https:\/\/adhesivosyetiquetas.com\/?page_id=28"},"modified":"2025-02-11T12:17:28","modified_gmt":"2025-02-11T12:17:28","slug":"logo-adhesivos-y-etiquetas","status":"publish","type":"page","link":"https:\/\/adhesivosyetiquetas.com\/","title":{"rendered":"Logo Adhesivos, Se\u00f1alizaci\u00f3n e identificaci\u00f3n industrial"},"content":{"rendered":"\n<p>Fabricante especializado en la fabricaci\u00f3n de soluciones para la identificaci\u00f3n y la se\u00f1alizaci\u00f3n de objetos y bienes a trav\u00e9s de etiquetas adhesivas, placas industriales y logotipos met\u00e1licos. <strong>Marcaje imborrable<\/strong><\/p>\n<p>Lorem fistrum por la gloria de mi madre esse jarl aliqua llevame al sircoo. De la pradera ullamco qu\u00e9 dise usteer est\u00e1 la cosa muy malar.<\/p>","protected":false},"excerpt":{"rendered":"<p>Fabricante especializado en la fabricaci\u00f3n de soluciones para la identificaci\u00f3n y la se\u00f1alizaci\u00f3n de objetos y bienes a trav\u00e9s de etiquetas adhesivas, placas industriales y logotipos met\u00e1licos. Marcaje imborrable Lorem fistrum por la gloria de mi madre esse jarl aliqua llevame al sircoo. De la pradera ullamco qu\u00e9 dise usteer est\u00e1 la cosa muy malar.<\/p>\n","protected":false},"author":1,"featured_media":0,"parent":0,"menu_order":0,"comment_status":"closed","ping_status":"closed","template":"","meta":{"footnotes":""},"class_list":["post-28","page","type-page","status-publish","hentry"],"yoast_head":"<!-- This site is optimized with the Yoast SEO plugin v24.1 - https:\/\/yoast.com\/wordpress\/plugins\/seo\/ -->\n<title>Logo Adhesivos, Se\u00f1alizaci\u00f3n e identificaci\u00f3n industrial<\/title>\n<meta name=\"description\" content=\"Fabricaci\u00f3n de placas met\u00e1licas, logotipos y aplicaciones adhesivas para se\u00f1alizaci\u00f3n e identificaci\u00f3n industrial. Aplicaciones personalizadas.\" \/>\n<meta name=\"robots\" content=\"index, follow, max-snippet:-1, max-image-preview:large, max-video-preview:-1\" \/>\n<link rel=\"canonical\" href=\"https:\/\/adhesivosyetiquetas.com\/\" \/>\n<meta property=\"og:locale\" content=\"es_ES\" \/>\n<meta property=\"og:type\" content=\"article\" \/>\n<meta property=\"og:title\" content=\"Logo Adhesivos, Se\u00f1alizaci\u00f3n e identificaci\u00f3n industrial\" \/>\n<meta property=\"og:description\" content=\"Fabricaci\u00f3n de placas met\u00e1licas, logotipos y aplicaciones adhesivas para se\u00f1alizaci\u00f3n e identificaci\u00f3n industrial. Aplicaciones personalizadas.\" \/>\n<meta property=\"og:url\" content=\"https:\/\/adhesivosyetiquetas.com\/\" \/>\n<meta property=\"og:site_name\" content=\"Logo, Adhesivos y Etiquetas\" \/>\n<meta property=\"article:modified_time\" content=\"2025-02-11T12:17:28+00:00\" \/>\n<meta name=\"twitter:card\" content=\"summary_large_image\" \/>\n<meta name=\"twitter:label1\" content=\"Tiempo de lectura\" \/>\n\t<meta name=\"twitter:data1\" content=\"1 minuto\" \/>\n<script type=\"application\/ld+json\" class=\"yoast-schema-graph\">{\"@context\":\"https:\/\/schema.org\",\"@graph\":[{\"@type\":\"WebPage\",\"@id\":\"https:\/\/adhesivosyetiquetas.com\/\",\"url\":\"https:\/\/adhesivosyetiquetas.com\/\",\"name\":\"Logo Adhesivos, Se\u00f1alizaci\u00f3n e identificaci\u00f3n industrial\",\"isPartOf\":{\"@id\":\"https:\/\/adhesivosyetiquetas.com\/#website\"},\"datePublished\":\"2025-01-09T11:53:56+00:00\",\"dateModified\":\"2025-02-11T12:17:28+00:00\",\"description\":\"Fabricaci\u00f3n de placas met\u00e1licas, logotipos y aplicaciones adhesivas para se\u00f1alizaci\u00f3n e identificaci\u00f3n industrial. Aplicaciones personalizadas.\",\"breadcrumb\":{\"@id\":\"https:\/\/adhesivosyetiquetas.com\/#breadcrumb\"},\"inLanguage\":\"es\",\"potentialAction\":[{\"@type\":\"ReadAction\",\"target\":[\"https:\/\/adhesivosyetiquetas.com\/\"]}]},{\"@type\":\"BreadcrumbList\",\"@id\":\"https:\/\/adhesivosyetiquetas.com\/#breadcrumb\",\"itemListElement\":[{\"@type\":\"ListItem\",\"position\":1,\"name\":\"Portada\",\"item\":\"https:\/\/adhesivosyetiquetas.com\/\"},{\"@type\":\"ListItem\",\"position\":2,\"name\":\"Logo Adhesivos, Se\u00f1alizaci\u00f3n e identificaci\u00f3n industrial\"}]},{\"@type\":\"WebSite\",\"@id\":\"https:\/\/adhesivosyetiquetas.com\/#website\",\"url\":\"https:\/\/adhesivosyetiquetas.com\/\",\"name\":\"Logo, Adhesivos y Etiquetas\",\"description\":\"Fabricante de etiquetas industriales y logotipos met&aacute;licos\",\"potentialAction\":[{\"@type\":\"SearchAction\",\"target\":{\"@type\":\"EntryPoint\",\"urlTemplate\":\"https:\/\/adhesivosyetiquetas.com\/?s={search_term_string}\"},\"query-input\":{\"@type\":\"PropertyValueSpecification\",\"valueRequired\":true,\"valueName\":\"search_term_string\"}}],\"inLanguage\":\"es\"}]}<\/script>\n<!-- \/ Yoast SEO plugin. -->","yoast_head_json":{"title":"Logo Adhesivos, Se\u00f1alizaci\u00f3n e identificaci\u00f3n industrial","description":"Fabricaci\u00f3n de placas met\u00e1licas, logotipos y aplicaciones adhesivas para se\u00f1alizaci\u00f3n e identificaci\u00f3n industrial. Aplicaciones personalizadas.","robots":{"index":"index","follow":"follow","max-snippet":"max-snippet:-1","max-image-preview":"max-image-preview:large","max-video-preview":"max-video-preview:-1"},"canonical":"https:\/\/adhesivosyetiquetas.com\/","og_locale":"es_ES","og_type":"article","og_title":"Logo Adhesivos, Se\u00f1alizaci\u00f3n e identificaci\u00f3n industrial","og_description":"Fabricaci\u00f3n de placas met\u00e1licas, logotipos y aplicaciones adhesivas para se\u00f1alizaci\u00f3n e identificaci\u00f3n industrial. Aplicaciones personalizadas.","og_url":"https:\/\/adhesivosyetiquetas.com\/","og_site_name":"Logo, Adhesivos y Etiquetas","article_modified_time":"2025-02-11T12:17:28+00:00","twitter_card":"summary_large_image","twitter_misc":{"Tiempo de lectura":"1 minuto"},"schema":{"@context":"https:\/\/schema.org","@graph":[{"@type":"WebPage","@id":"https:\/\/adhesivosyetiquetas.com\/","url":"https:\/\/adhesivosyetiquetas.com\/","name":"Logo Adhesivos, Se\u00f1alizaci\u00f3n e identificaci\u00f3n industrial","isPartOf":{"@id":"https:\/\/adhesivosyetiquetas.com\/#website"},"datePublished":"2025-01-09T11:53:56+00:00","dateModified":"2025-02-11T12:17:28+00:00","description":"Fabricaci\u00f3n de placas met\u00e1licas, logotipos y aplicaciones adhesivas para se\u00f1alizaci\u00f3n e identificaci\u00f3n industrial. Aplicaciones personalizadas.","breadcrumb":{"@id":"https:\/\/adhesivosyetiquetas.com\/#breadcrumb"},"inLanguage":"es","potentialAction":[{"@type":"ReadAction","target":["https:\/\/adhesivosyetiquetas.com\/"]}]},{"@type":"BreadcrumbList","@id":"https:\/\/adhesivosyetiquetas.com\/#breadcrumb","itemListElement":[{"@type":"ListItem","position":1,"name":"Portada","item":"https:\/\/adhesivosyetiquetas.com\/"},{"@type":"ListItem","position":2,"name":"Logo Adhesivos, Se\u00f1alizaci\u00f3n e identificaci\u00f3n industrial"}]},{"@type":"WebSite","@id":"https:\/\/adhesivosyetiquetas.com\/#website","url":"https:\/\/adhesivosyetiquetas.com\/","name":"Logo, Adhesivos y Etiquetas","description":"Fabricante de etiquetas industriales y logotipos met&aacute;licos","potentialAction":[{"@type":"SearchAction","target":{"@type":"EntryPoint","urlTemplate":"https:\/\/adhesivosyetiquetas.com\/?s={search_term_string}"},"query-input":{"@type":"PropertyValueSpecification","valueRequired":true,"valueName":"search_term_string"}}],"inLanguage":"es"}]}},"_links":{"self":[{"href":"https:\/\/adhesivosyetiquetas.com\/index.php\/wp-json\/wp\/v2\/pages\/28","targetHints":{"allow":["GET"]}}],"collection":[{"href":"https:\/\/adhesivosyetiquetas.com\/index.php\/wp-json\/wp\/v2\/pages"}],"about":[{"href":"https:\/\/adhesivosyetiquetas.com\/index.php\/wp-json\/wp\/v2\/types\/page"}],"author":[{"embeddable":true,"href":"https:\/\/adhesivosyetiquetas.com\/index.php\/wp-json\/wp\/v2\/users\/1"}],"replies":[{"embeddable":true,"href":"https:\/\/adhesivosyetiquetas.com\/index.php\/wp-json\/wp\/v2\/comments?post=28"}],"version-history":[{"count":20,"href":"https:\/\/adhesivosyetiquetas.com\/index.php\/wp-json\/wp\/v2\/pages\/28\/revisions"}],"predecessor-version":[{"id":131,"href":"https:\/\/adhesivosyetiquetas.com\/index.php\/wp-json\/wp\/v2\/pages\/28\/revisions\/131"}],"wp:attachment":[{"href":"https:\/\/adhesivosyetiquetas.com\/index.php\/wp-json\/wp\/v2\/media?parent=28"}],"curies":[{"name":"wp","href":"https:\/\/api.w.org\/{rel}","templated":true}]}}